{"id":501,"date":"2023-11-23T12:13:47","date_gmt":"2023-11-23T12:13:47","guid":{"rendered":"https:\/\/cascinalanzarotti.it\/?page_id=501"},"modified":"2024-08-08T15:33:45","modified_gmt":"2024-08-08T15:33:45","slug":"langhe-nebbiolo-doc","status":"publish","type":"page","link":"https:\/\/cascinalanzarotti.it\/en\/langhe-nebbiolo-doc\/","title":{"rendered":"Langhe Nebbiolo DOC &#8220;Arbut\u00e8&#8221;"},"content":{"rendered":"\t\t<div data-elementor-type=\"wp-page\" data-elementor-id=\"501\" class=\"elementor elementor-501\" data-elementor-post-type=\"page\">\n\t\t\t\t<div class=\"elementor-element elementor-element-782ba1b2 e-flex e-con-boxed e-con e-parent\" data-id=\"782ba1b2\" data-element_type=\"container\" data-e-type=\"container\">\n\t\t\t\t\t<div class=\"e-con-inner\">\n\t\t\t\t<div class=\"elementor-element elementor-element-68cf0c1 elementor-widget elementor-widget-slider_revolution\" data-id=\"68cf0c1\" data-element_type=\"widget\" data-e-type=\"widget\" data-widget_type=\"slider_revolution.default\">\n\t\t\t\t<div class=\"elementor-widget-container\">\n\t\t\t\t\t\n\t\t<div class=\"wp-block-themepunch-revslider\">\n\t\t\t<!-- START Langhe Nebbiolo Arbut\u00e8 REVOLUTION SLIDER 6.7.28 --><p class=\"rs-p-wp-fix\"><\/p>\n\t\t\t<rs-module-wrap id=\"rev_slider_27_1_wrapper\" data-source=\"gallery\" style=\"visibility:hidden;background:transparent;padding:0;margin:0px auto;margin-top:0;margin-bottom:0;\">\n\t\t\t\t<rs-module id=\"rev_slider_27_1\" style=\"\" data-version=\"6.7.28\">\n\t\t\t\t\t<rs-slides style=\"overflow: hidden; position: absolute;\">\n\t\t\t\t\t\t<rs-slide style=\"position: absolute;\" data-key=\"rs-75\" data-title=\"CARLINOT - RISERVA SRU\" data-in=\"o:0;\" data-out=\"a:false;\">\n\t\t\t\t\t\t\t<img fetchpriority=\"high\" decoding=\"async\" src=\"\/\/cascinalanzarotti.it\/wp-content\/plugins\/revslider\/sr6\/assets\/assets\/dummy.png\" alt=\"CARLINOT - RISERVA SRU\" title=\"Roero DOCG SRU Riserva Carlinot &#8211; riflesso\" width=\"850\" height=\"450\" class=\"rev-slidebg tp-rs-img rs-lazyload\" data-lazyload=\"\/\/cascinalanzarotti.it\/wp-content\/plugins\/revslider\/sr6\/assets\/assets\/transparent.png\" data-bg=\"c:#252525;\" data-parallax=\"off\" data-no-retina>\n<!--\n\t\t\t\t\t\t\t--><rs-layer\n\t\t\t\t\t\t\t\tid=\"slider-27-slide-75-layer-0\" \n\t\t\t\t\t\t\t\tdata-type=\"image\"\n\t\t\t\t\t\t\t\tdata-rsp_ch=\"on\"\n\t\t\t\t\t\t\t\tdata-xy=\"x:c;y:m;\"\n\t\t\t\t\t\t\t\tdata-text=\"w:normal;s:20,16,12,7;l:0,20,15,9;\"\n\t\t\t\t\t\t\t\tdata-dim=\"w:[&#039;70%&#039;,&#039;70%&#039;,&#039;70%&#039;,&#039;70%&#039;];\"\n\t\t\t\t\t\t\t\tdata-frame_999=\"o:0;st:w;\"\n\t\t\t\t\t\t\t\tstyle=\"z-index:5;\"\n\t\t\t\t\t\t\t><img decoding=\"async\" src=\"\/\/cascinalanzarotti.it\/wp-content\/plugins\/revslider\/sr6\/assets\/assets\/dummy.png\" alt=\"Langhe Nebbiolo DOC Arbut\u00e8\" class=\"tp-rs-img rs-lazyload\" width=\"1700\" height=\"900\" data-lazyload=\"\/\/cascinalanzarotti.it\/wp-content\/uploads\/2024\/08\/Arbute-riflesso.png\" data-no-retina> \n\t\t\t\t\t\t\t<\/rs-layer><!--\n-->\t\t\t\t\t<\/rs-slide>\n\t\t\t\t\t<\/rs-slides>\n\t\t\t\t<\/rs-module>\n\t\t\t\t<script>\n\t\t\t\t\tsetREVStartSize({c: 'rev_slider_27_1',rl:[1240,1024,778,480],el:[700,768,960,720],gw:[1240,1024,778,480],gh:[700,768,960,720],type:'hero',justify:'',layout:'fullwidth',mh:\"0\"});if (window.RS_MODULES!==undefined && window.RS_MODULES.modules!==undefined && window.RS_MODULES.modules[\"revslider271\"]!==undefined) {window.RS_MODULES.modules[\"revslider271\"].once = false;window.revapi27 = undefined;if (window.RS_MODULES.checkMinimal!==undefined) window.RS_MODULES.checkMinimal()}\n\t\t\t\t<\/script>\n\t\t\t<\/rs-module-wrap>\n\t\t\t<!-- END REVOLUTION SLIDER -->\n<\/div>\n\n\t\t\t\t\t\t<\/div>\n\t\t\t\t<\/div>\n\t\t\t\t\t<\/div>\n\t\t\t\t<\/div>\n\t\t<div class=\"elementor-element elementor-element-137a2905 e-flex e-con-boxed e-con e-parent\" data-id=\"137a2905\" data-element_type=\"container\" data-e-type=\"container\">\n\t\t\t\t\t<div class=\"e-con-inner\">\n\t\t\t\t<div class=\"elementor-element elementor-element-678710ab elementor-widget elementor-widget-heading\" data-id=\"678710ab\" data-element_type=\"widget\" data-e-type=\"widget\" data-widget_type=\"heading.default\">\n\t\t\t\t<div class=\"elementor-widget-container\">\n\t\t\t\t\t<h1 class=\"elementor-heading-title elementor-size-default\">LANGHE NEBBIOLO D.O.C.<br>\"Arbut\u00e8\"<\/h1>\t\t\t\t<\/div>\n\t\t\t\t<\/div>\n\t\t\t\t\t<\/div>\n\t\t\t\t<\/div>\n\t\t<div class=\"elementor-element elementor-element-25aa10d6 e-flex e-con-boxed e-con e-parent\" data-id=\"25aa10d6\" data-element_type=\"container\" data-e-type=\"container\">\n\t\t\t\t\t<div class=\"e-con-inner\">\n\t\t<div class=\"elementor-element elementor-element-58a6066a e-con-full e-flex e-con e-child\" data-id=\"58a6066a\" data-element_type=\"container\" data-e-type=\"container\">\n\t\t\t\t<div class=\"elementor-element elementor-element-11ffd0ab elementor-widget elementor-widget-image\" data-id=\"11ffd0ab\" data-element_type=\"widget\" data-e-type=\"widget\" data-widget_type=\"image.default\">\n\t\t\t\t<div class=\"elementor-widget-container\">\n\t\t\t\t\t\t\t\t\t\t\t\t\t\t\t<img decoding=\"async\" src=\"https:\/\/cascinalanzarotti.it\/wp-content\/uploads\/elementor\/thumbs\/Arbute-qsbag6adds5zzlfhvi9sekedwecjvpt23mc37a893i.png\" title=\"Arbut\u00e8\" alt=\"Langhe Nebbiolo DOC &quot;Arbut\u00e8&quot;\" loading=\"lazy\" \/>\t\t\t\t\t\t\t\t\t\t\t\t\t\t\t<\/div>\n\t\t\t\t<\/div>\n\t\t<div class=\"elementor-element elementor-element-2bccbde2 e-flex e-con-boxed e-con e-child\" data-id=\"2bccbde2\" data-element_type=\"container\" data-e-type=\"container\">\n\t\t\t\t\t<div class=\"e-con-inner\">\n\t\t\t\t<div class=\"elementor-element elementor-element-6c8f4c50 elementor-widget elementor-widget-image\" data-id=\"6c8f4c50\" data-element_type=\"widget\" data-e-type=\"widget\" data-widget_type=\"image.default\">\n\t\t\t\t<div class=\"elementor-widget-container\">\n\t\t\t\t\t\t\t\t\t\t\t\t\t\t\t<img decoding=\"async\" src=\"https:\/\/cascinalanzarotti.it\/wp-content\/uploads\/elementor\/thumbs\/1200px-Recycling-Code-71-qfrb6r4g0vgh8eeqsxg42moh5d4qu2zpkt3dr8jo4o.png\" title=\"1200px-Recycling-Code-71\" alt=\"1200px-Recycling-Code-71\" loading=\"lazy\" \/>\t\t\t\t\t\t\t\t\t\t\t\t\t\t\t<\/div>\n\t\t\t\t<\/div>\n\t\t\t\t<div class=\"elementor-element elementor-element-2de1a978 elementor-widget elementor-widget-image\" data-id=\"2de1a978\" data-element_type=\"widget\" data-e-type=\"widget\" data-widget_type=\"image.default\">\n\t\t\t\t<div class=\"elementor-widget-container\">\n\t\t\t\t\t\t\t\t\t\t\t\t\t\t\t<img decoding=\"async\" src=\"https:\/\/cascinalanzarotti.it\/wp-content\/uploads\/elementor\/thumbs\/1200px-Recycling-Code-51-qfrb7zauy34ye2mkmyjkttj52h2zvuv3evr7b8q608.png\" title=\"1200px-Recycling-Code-51\" alt=\"1200px-Recycling-Code-51\" loading=\"lazy\" \/>\t\t\t\t\t\t\t\t\t\t\t\t\t\t\t<\/div>\n\t\t\t\t<\/div>\n\t\t\t\t<div class=\"elementor-element elementor-element-654d6192 elementor-widget elementor-widget-image\" data-id=\"654d6192\" data-element_type=\"widget\" data-e-type=\"widget\" data-widget_type=\"image.default\">\n\t\t\t\t<div class=\"elementor-widget-container\">\n\t\t\t\t\t\t\t\t\t\t\t\t\t\t\t<img decoding=\"async\" src=\"https:\/\/cascinalanzarotti.it\/wp-content\/uploads\/elementor\/thumbs\/cpvc-90-qfrb8ri0n47k2dhm2aqdwmeyw180arz1irbrpjkctk.png\" title=\"cpvc-90\" alt=\"cpvc-90\" loading=\"lazy\" \/>\t\t\t\t\t\t\t\t\t\t\t\t\t\t\t<\/div>\n\t\t\t\t<\/div>\n\t\t\t\t\t<\/div>\n\t\t\t\t<\/div>\n\t\t\t\t<\/div>\n\t\t<div class=\"elementor-element elementor-element-1fa33496 e-con-full e-flex e-con e-child\" data-id=\"1fa33496\" data-element_type=\"container\" data-e-type=\"container\">\n\t\t\t\t<div class=\"elementor-element elementor-element-17d6379c elementor-widget elementor-widget-heading\" data-id=\"17d6379c\" data-element_type=\"widget\" data-e-type=\"widget\" data-widget_type=\"heading.default\">\n\t\t\t\t<div class=\"elementor-widget-container\">\n\t\t\t\t\t<h2 class=\"elementor-heading-title elementor-size-default\">VIGNETO<\/h2>\t\t\t\t<\/div>\n\t\t\t\t<\/div>\n\t\t\t\t<div class=\"elementor-element elementor-element-2d126897 elementor-widget elementor-widget-text-editor\" data-id=\"2d126897\" data-element_type=\"widget\" data-e-type=\"widget\" data-widget_type=\"text-editor.default\">\n\t\t\t\t<div class=\"elementor-widget-container\">\n\t\t\t\t\t\t\t\t\t<p>Variet\u00e0: <strong>Nebbiolo<\/strong><\/p><p>Terreno: <strong>Argilloso, sabbioso<\/strong><\/p><p>Et\u00e0 media: <strong>15 anni<\/strong><\/p>\t\t\t\t\t\t\t\t<\/div>\n\t\t\t\t<\/div>\n\t\t\t\t<div class=\"elementor-element elementor-element-e930813 elementor-widget elementor-widget-heading\" data-id=\"e930813\" data-element_type=\"widget\" data-e-type=\"widget\" data-widget_type=\"heading.default\">\n\t\t\t\t<div class=\"elementor-widget-container\">\n\t\t\t\t\t<h2 class=\"elementor-heading-title elementor-size-default\">VINIFICAZIONE<\/h2>\t\t\t\t<\/div>\n\t\t\t\t<\/div>\n\t\t\t\t<div class=\"elementor-element elementor-element-1f0eb5e9 elementor-widget elementor-widget-text-editor\" data-id=\"1f0eb5e9\" data-element_type=\"widget\" data-e-type=\"widget\" data-widget_type=\"text-editor.default\">\n\t\t\t\t<div class=\"elementor-widget-container\">\n\t\t\t\t\t\t\t\t\t<p>Macerazione: <strong>tradizionale, macerazione a cappello sommerso per 12 giorni con temperatura controllata in vasca di acciaio.<\/strong><\/p><p>Affinamento: <strong>vasca di acciaio per alcuni mesi.<\/strong><\/p><p>Conservazione e durata: <strong>Conservare orizzontalmente in un luogo fresco e asciutto con temperature pressocch\u00e9 costante; Lifetime circa 10 anni.<\/strong><\/p>\t\t\t\t\t\t\t\t<\/div>\n\t\t\t\t<\/div>\n\t\t\t\t<div class=\"elementor-element elementor-element-7b709ef4 elementor-widget elementor-widget-heading\" data-id=\"7b709ef4\" data-element_type=\"widget\" data-e-type=\"widget\" data-widget_type=\"heading.default\">\n\t\t\t\t<div class=\"elementor-widget-container\">\n\t\t\t\t\t<h2 class=\"elementor-heading-title elementor-size-default\">PROFILO ORGANOLETTICO<\/h2>\t\t\t\t<\/div>\n\t\t\t\t<\/div>\n\t\t\t\t<div class=\"elementor-element elementor-element-7d343712 elementor-widget elementor-widget-text-editor\" data-id=\"7d343712\" data-element_type=\"widget\" data-e-type=\"widget\" data-widget_type=\"text-editor.default\">\n\t\t\t\t<div class=\"elementor-widget-container\">\n\t\t\t\t\t\t\t\t\t<p>Colore rosso rubino intenso.<\/p><p>Al naso note di rosa, mora e ribes.<\/p><p>In bocca \u00e8 fresco con un tannino giustamente robusto che dona struttura al vino, finale lungo e persistente.<\/p><p><strong><span style=\"color: #a53e4c;\">Temperatura di servizio: 18\u00b0C<\/span><\/strong><\/p><p><strong><span style=\"color: #a53e4c;\">Formati disponibili: 0.75L, 1.50L<\/span><\/strong><\/p>\t\t\t\t\t\t\t\t<\/div>\n\t\t\t\t<\/div>\n\t\t\t\t<div class=\"elementor-element elementor-element-31d47c76 elementor-widget__width-auto elementor-widget elementor-widget-button\" data-id=\"31d47c76\" data-element_type=\"widget\" data-e-type=\"widget\" data-widget_type=\"button.default\">\n\t\t\t\t<div class=\"elementor-widget-container\">\n\t\t\t\t\t\t\t\t\t<div class=\"elementor-button-wrapper\">\n\t\t\t\t\t<a class=\"elementor-button elementor-button-link elementor-size-sm\" href=\"https:\/\/cascinalanzarotti.it\/wp-content\/uploads\/2024\/08\/CL_Scheda-Tecnica_2024_Arbute.pdf\" target=\"_blank\">\n\t\t\t\t\t\t<span class=\"elementor-button-content-wrapper\">\n\t\t\t\t\t\t<span class=\"elementor-button-icon\">\n\t\t\t\t<svg aria-hidden=\"true\" class=\"e-font-icon-svg e-far-file-pdf\" viewBox=\"0 0 384 512\" xmlns=\"http:\/\/www.w3.org\/2000\/svg\"><path d=\"M369.9 97.9L286 14C277 5 264.8-.1 252.1-.1H48C21.5 0 0 21.5 0 48v416c0 26.5 21.5 48 48 48h288c26.5 0 48-21.5 48-48V131.9c0-12.7-5.1-25-14.1-34zM332.1 128H256V51.9l76.1 76.1zM48 464V48h160v104c0 13.3 10.7 24 24 24h104v288H48zm250.2-143.7c-12.2-12-47-8.7-64.4-6.5-17.2-10.5-28.7-25-36.8-46.3 3.9-16.1 10.1-40.6 5.4-56-4.2-26.2-37.8-23.6-42.6-5.9-4.4 16.1-.4 38.5 7 67.1-10 23.9-24.9 56-35.4 74.4-20 10.3-47 26.2-51 46.2-3.3 15.8 26 55.2 76.1-31.2 22.4-7.4 46.8-16.5 68.4-20.1 18.9 10.2 41 17 55.8 17 25.5 0 28-28.2 17.5-38.7zm-198.1 77.8c5.1-13.7 24.5-29.5 30.4-35-19 30.3-30.4 35.7-30.4 35zm81.6-190.6c7.4 0 6.7 32.1 1.8 40.8-4.4-13.9-4.3-40.8-1.8-40.8zm-24.4 136.6c9.7-16.9 18-37 24.7-54.7 8.3 15.1 18.9 27.2 30.1 35.5-20.8 4.3-38.9 13.1-54.8 19.2zm131.6-5s-5 6-37.3-7.8c35.1-2.6 40.9 5.4 37.3 7.8z\"><\/path><\/svg>\t\t\t<\/span>\n\t\t\t\t\t\t\t\t\t<span class=\"elementor-button-text\">Scheda Tecnica<\/span>\n\t\t\t\t\t<\/span>\n\t\t\t\t\t<\/a>\n\t\t\t\t<\/div>\n\t\t\t\t\t\t\t\t<\/div>\n\t\t\t\t<\/div>\n\t\t\t\t<div class=\"elementor-element elementor-element-1ae342b6 elementor-widget__width-auto elementor-widget elementor-widget-button\" data-id=\"1ae342b6\" data-element_type=\"widget\" data-e-type=\"widget\" data-widget_type=\"button.default\">\n\t\t\t\t<div class=\"elementor-widget-container\">\n\t\t\t\t\t\t\t\t\t<div class=\"elementor-button-wrapper\">\n\t\t\t\t\t<a class=\"elementor-button elementor-button-link elementor-size-sm\" href=\"https:\/\/cascinalanzarotti.it\/etichettatura-ambientale\/\">\n\t\t\t\t\t\t<span class=\"elementor-button-content-wrapper\">\n\t\t\t\t\t\t<span class=\"elementor-button-icon\">\n\t\t\t\t<svg aria-hidden=\"true\" class=\"e-font-icon-svg e-fas-arrow-right\" viewBox=\"0 0 448 512\" xmlns=\"http:\/\/www.w3.org\/2000\/svg\"><path d=\"M190.5 66.9l22.2-22.2c9.4-9.4 24.6-9.4 33.9 0L441 239c9.4 9.4 9.4 24.6 0 33.9L246.6 467.3c-9.4 9.4-24.6 9.4-33.9 0l-22.2-22.2c-9.5-9.5-9.3-25 .4-34.3L311.4 296H24c-13.3 0-24-10.7-24-24v-32c0-13.3 10.7-24 24-24h287.4L190.9 101.2c-9.8-9.3-10-24.8-.4-34.3z\"><\/path><\/svg>\t\t\t<\/span>\n\t\t\t\t\t\t\t\t\t<span class=\"elementor-button-text\">Etichettatura Ambientale<\/span>\n\t\t\t\t\t<\/span>\n\t\t\t\t\t<\/a>\n\t\t\t\t<\/div>\n\t\t\t\t\t\t\t\t<\/div>\n\t\t\t\t<\/div>\n\t\t\t\t<\/div>\n\t\t\t\t\t<\/div>\n\t\t\t\t<\/div>\n\t\t<div class=\"elementor-element elementor-element-6120ba7a e-flex e-con-boxed e-con e-parent\" data-id=\"6120ba7a\" data-element_type=\"container\" data-e-type=\"container\">\n\t\t\t\t\t<div class=\"e-con-inner\">\n\t\t\t\t<div class=\"elementor-element elementor-element-7d74d29b elementor-widget elementor-widget-spacer\" data-id=\"7d74d29b\" data-element_type=\"widget\" data-e-type=\"widget\" data-widget_type=\"spacer.default\">\n\t\t\t\t<div class=\"elementor-widget-container\">\n\t\t\t\t\t\t\t<div class=\"elementor-spacer\">\n\t\t\t<div class=\"elementor-spacer-inner\"><\/div>\n\t\t<\/div>\n\t\t\t\t\t\t<\/div>\n\t\t\t\t<\/div>\n\t\t\t\t\t<\/div>\n\t\t\t\t<\/div>\n\t\t\t\t<\/div>\n\t\t","protected":false},"excerpt":{"rendered":"<p>LANGHE NEBBIOLO D.O.C.&#8220;Arbut\u00e8&#8221; VIGNETO Variet\u00e0: Nebbiolo Terreno: Argilloso, sabbioso Et\u00e0 media: 15 anni VINIFICAZIONE Macerazione: tradizionale, macerazione a cappello sommerso per 12 giorni con temperatura controllata in vasca di acciaio. Affinamento: vasca di acciaio per alcuni mesi. Conservazione e durata: Conservare orizzontalmente in un luogo fresco e asciutto con temperature pressocch\u00e9 costante; Lifetime circa 10 [&hellip;]<\/p>\n","protected":false},"author":1,"featured_media":0,"parent":0,"menu_order":0,"comment_status":"closed","ping_status":"closed","template":"","meta":{"footnotes":""},"class_list":["post-501","page","type-page","status-publish","hentry"],"yoast_head":"<!-- This site is optimized with the Yoast SEO plugin v27.3 - https:\/\/yoast.com\/product\/yoast-seo-wordpress\/ -->\n<title>Langhe Nebbiolo DOC &quot;Arbut\u00e8&quot; - Cascina Lanzarotti<\/title>\n<meta name=\"robots\" content=\"index, follow, max-snippet:-1, max-image-preview:large, max-video-preview:-1\" \/>\n<link rel=\"canonical\" href=\"https:\/\/cascinalanzarotti.it\/en\/langhe-nebbiolo-doc\/\" \/>\n<meta property=\"og:locale\" content=\"en_US\" \/>\n<meta property=\"og:type\" content=\"article\" \/>\n<meta property=\"og:title\" content=\"Langhe Nebbiolo DOC &quot;Arbut\u00e8&quot; - Cascina Lanzarotti\" \/>\n<meta property=\"og:description\" content=\"LANGHE NEBBIOLO D.O.C.&#8220;Arbut\u00e8&#8221; VIGNETO Variet\u00e0: Nebbiolo Terreno: Argilloso, sabbioso Et\u00e0 media: 15 anni VINIFICAZIONE Macerazione: tradizionale, macerazione a cappello sommerso per 12 giorni con temperatura controllata in vasca di acciaio. Affinamento: vasca di acciaio per alcuni mesi. Conservazione e durata: Conservare orizzontalmente in un luogo fresco e asciutto con temperature pressocch\u00e9 costante; Lifetime circa 10 [&hellip;]\" \/>\n<meta property=\"og:url\" content=\"https:\/\/cascinalanzarotti.it\/en\/langhe-nebbiolo-doc\/\" \/>\n<meta property=\"og:site_name\" content=\"Cascina Lanzarotti\" \/>\n<meta property=\"article:publisher\" content=\"https:\/\/www.facebook.com\/cascinalanzarotti1883\/\" \/>\n<meta property=\"article:modified_time\" content=\"2024-08-08T15:33:45+00:00\" \/>\n<meta property=\"og:image\" content=\"https:\/\/cascinalanzarotti.it\/wp-content\/uploads\/elementor\/thumbs\/Arbute-qsbag6adds5zzlfhvi9sekedwecjvpt23mc37a893i.png\" \/>\n<meta name=\"twitter:card\" content=\"summary_large_image\" \/>\n<meta name=\"twitter:label1\" content=\"Est. reading time\" \/>\n\t<meta name=\"twitter:data1\" content=\"2 minutes\" \/>\n<script type=\"application\/ld+json\" class=\"yoast-schema-graph\">{\"@context\":\"https:\\\/\\\/schema.org\",\"@graph\":[{\"@type\":\"WebPage\",\"@id\":\"https:\\\/\\\/cascinalanzarotti.it\\\/langhe-nebbiolo-doc\\\/\",\"url\":\"https:\\\/\\\/cascinalanzarotti.it\\\/langhe-nebbiolo-doc\\\/\",\"name\":\"Langhe Nebbiolo DOC \\\"Arbut\u00e8\\\" - Cascina Lanzarotti\",\"isPartOf\":{\"@id\":\"https:\\\/\\\/cascinalanzarotti.it\\\/#website\"},\"primaryImageOfPage\":{\"@id\":\"https:\\\/\\\/cascinalanzarotti.it\\\/langhe-nebbiolo-doc\\\/#primaryimage\"},\"image\":{\"@id\":\"https:\\\/\\\/cascinalanzarotti.it\\\/langhe-nebbiolo-doc\\\/#primaryimage\"},\"thumbnailUrl\":\"https:\\\/\\\/cascinalanzarotti.it\\\/wp-content\\\/uploads\\\/elementor\\\/thumbs\\\/Arbute-qsbag6adds5zzlfhvi9sekedwecjvpt23mc37a893i.png\",\"datePublished\":\"2023-11-23T12:13:47+00:00\",\"dateModified\":\"2024-08-08T15:33:45+00:00\",\"breadcrumb\":{\"@id\":\"https:\\\/\\\/cascinalanzarotti.it\\\/langhe-nebbiolo-doc\\\/#breadcrumb\"},\"inLanguage\":\"en-US\",\"potentialAction\":[{\"@type\":\"ReadAction\",\"target\":[\"https:\\\/\\\/cascinalanzarotti.it\\\/langhe-nebbiolo-doc\\\/\"]}]},{\"@type\":\"ImageObject\",\"inLanguage\":\"en-US\",\"@id\":\"https:\\\/\\\/cascinalanzarotti.it\\\/langhe-nebbiolo-doc\\\/#primaryimage\",\"url\":\"https:\\\/\\\/cascinalanzarotti.it\\\/wp-content\\\/uploads\\\/elementor\\\/thumbs\\\/Arbute-qsbag6adds5zzlfhvi9sekedwecjvpt23mc37a893i.png\",\"contentUrl\":\"https:\\\/\\\/cascinalanzarotti.it\\\/wp-content\\\/uploads\\\/elementor\\\/thumbs\\\/Arbute-qsbag6adds5zzlfhvi9sekedwecjvpt23mc37a893i.png\"},{\"@type\":\"BreadcrumbList\",\"@id\":\"https:\\\/\\\/cascinalanzarotti.it\\\/langhe-nebbiolo-doc\\\/#breadcrumb\",\"itemListElement\":[{\"@type\":\"ListItem\",\"position\":1,\"name\":\"Home\",\"item\":\"https:\\\/\\\/cascinalanzarotti.it\\\/\"},{\"@type\":\"ListItem\",\"position\":2,\"name\":\"Langhe Nebbiolo DOC &#8220;Arbut\u00e8&#8221;\"}]},{\"@type\":\"WebSite\",\"@id\":\"https:\\\/\\\/cascinalanzarotti.it\\\/#website\",\"url\":\"https:\\\/\\\/cascinalanzarotti.it\\\/\",\"name\":\"Cascina Lanzarotti\",\"description\":\"Vini del Roero dal 1883\",\"publisher\":{\"@id\":\"https:\\\/\\\/cascinalanzarotti.it\\\/#organization\"},\"alternateName\":\"Vini del Roero dal 1883\",\"potentialAction\":[{\"@type\":\"SearchAction\",\"target\":{\"@type\":\"EntryPoint\",\"urlTemplate\":\"https:\\\/\\\/cascinalanzarotti.it\\\/?s={search_term_string}\"},\"query-input\":{\"@type\":\"PropertyValueSpecification\",\"valueRequired\":true,\"valueName\":\"search_term_string\"}}],\"inLanguage\":\"en-US\"},{\"@type\":\"Organization\",\"@id\":\"https:\\\/\\\/cascinalanzarotti.it\\\/#organization\",\"name\":\"Cascina Lanzarotti\",\"url\":\"https:\\\/\\\/cascinalanzarotti.it\\\/\",\"logo\":{\"@type\":\"ImageObject\",\"inLanguage\":\"en-US\",\"@id\":\"https:\\\/\\\/cascinalanzarotti.it\\\/#\\\/schema\\\/logo\\\/image\\\/\",\"url\":\"https:\\\/\\\/cascinalanzarotti.it\\\/wp-content\\\/uploads\\\/2023\\\/12\\\/logo-1-A-scaled.jpg\",\"contentUrl\":\"https:\\\/\\\/cascinalanzarotti.it\\\/wp-content\\\/uploads\\\/2023\\\/12\\\/logo-1-A-scaled.jpg\",\"width\":2560,\"height\":888,\"caption\":\"Cascina Lanzarotti\"},\"image\":{\"@id\":\"https:\\\/\\\/cascinalanzarotti.it\\\/#\\\/schema\\\/logo\\\/image\\\/\"},\"sameAs\":[\"https:\\\/\\\/www.facebook.com\\\/cascinalanzarotti1883\\\/\",\"https:\\\/\\\/www.instagram.com\\\/cascina_lanzarotti\\\/\"]}]}<\/script>\n<!-- \/ Yoast SEO plugin. -->","yoast_head_json":{"title":"Langhe Nebbiolo DOC \"Arbut\u00e8\" - Cascina Lanzarotti","robots":{"index":"index","follow":"follow","max-snippet":"max-snippet:-1","max-image-preview":"max-image-preview:large","max-video-preview":"max-video-preview:-1"},"canonical":"https:\/\/cascinalanzarotti.it\/en\/langhe-nebbiolo-doc\/","og_locale":"en_US","og_type":"article","og_title":"Langhe Nebbiolo DOC \"Arbut\u00e8\" - Cascina Lanzarotti","og_description":"LANGHE NEBBIOLO D.O.C.&#8220;Arbut\u00e8&#8221; VIGNETO Variet\u00e0: Nebbiolo Terreno: Argilloso, sabbioso Et\u00e0 media: 15 anni VINIFICAZIONE Macerazione: tradizionale, macerazione a cappello sommerso per 12 giorni con temperatura controllata in vasca di acciaio. Affinamento: vasca di acciaio per alcuni mesi. Conservazione e durata: Conservare orizzontalmente in un luogo fresco e asciutto con temperature pressocch\u00e9 costante; Lifetime circa 10 [&hellip;]","og_url":"https:\/\/cascinalanzarotti.it\/en\/langhe-nebbiolo-doc\/","og_site_name":"Cascina Lanzarotti","article_publisher":"https:\/\/www.facebook.com\/cascinalanzarotti1883\/","article_modified_time":"2024-08-08T15:33:45+00:00","og_image":[{"url":"https:\/\/cascinalanzarotti.it\/wp-content\/uploads\/elementor\/thumbs\/Arbute-qsbag6adds5zzlfhvi9sekedwecjvpt23mc37a893i.png","type":"","width":"","height":""}],"twitter_card":"summary_large_image","twitter_misc":{"Est. reading time":"2 minutes"},"schema":{"@context":"https:\/\/schema.org","@graph":[{"@type":"WebPage","@id":"https:\/\/cascinalanzarotti.it\/langhe-nebbiolo-doc\/","url":"https:\/\/cascinalanzarotti.it\/langhe-nebbiolo-doc\/","name":"Langhe Nebbiolo DOC \"Arbut\u00e8\" - Cascina Lanzarotti","isPartOf":{"@id":"https:\/\/cascinalanzarotti.it\/#website"},"primaryImageOfPage":{"@id":"https:\/\/cascinalanzarotti.it\/langhe-nebbiolo-doc\/#primaryimage"},"image":{"@id":"https:\/\/cascinalanzarotti.it\/langhe-nebbiolo-doc\/#primaryimage"},"thumbnailUrl":"https:\/\/cascinalanzarotti.it\/wp-content\/uploads\/elementor\/thumbs\/Arbute-qsbag6adds5zzlfhvi9sekedwecjvpt23mc37a893i.png","datePublished":"2023-11-23T12:13:47+00:00","dateModified":"2024-08-08T15:33:45+00:00","breadcrumb":{"@id":"https:\/\/cascinalanzarotti.it\/langhe-nebbiolo-doc\/#breadcrumb"},"inLanguage":"en-US","potentialAction":[{"@type":"ReadAction","target":["https:\/\/cascinalanzarotti.it\/langhe-nebbiolo-doc\/"]}]},{"@type":"ImageObject","inLanguage":"en-US","@id":"https:\/\/cascinalanzarotti.it\/langhe-nebbiolo-doc\/#primaryimage","url":"https:\/\/cascinalanzarotti.it\/wp-content\/uploads\/elementor\/thumbs\/Arbute-qsbag6adds5zzlfhvi9sekedwecjvpt23mc37a893i.png","contentUrl":"https:\/\/cascinalanzarotti.it\/wp-content\/uploads\/elementor\/thumbs\/Arbute-qsbag6adds5zzlfhvi9sekedwecjvpt23mc37a893i.png"},{"@type":"BreadcrumbList","@id":"https:\/\/cascinalanzarotti.it\/langhe-nebbiolo-doc\/#breadcrumb","itemListElement":[{"@type":"ListItem","position":1,"name":"Home","item":"https:\/\/cascinalanzarotti.it\/"},{"@type":"ListItem","position":2,"name":"Langhe Nebbiolo DOC &#8220;Arbut\u00e8&#8221;"}]},{"@type":"WebSite","@id":"https:\/\/cascinalanzarotti.it\/#website","url":"https:\/\/cascinalanzarotti.it\/","name":"Cascina Lanzarotti","description":"Vini del Roero dal 1883","publisher":{"@id":"https:\/\/cascinalanzarotti.it\/#organization"},"alternateName":"Vini del Roero dal 1883","potentialAction":[{"@type":"SearchAction","target":{"@type":"EntryPoint","urlTemplate":"https:\/\/cascinalanzarotti.it\/?s={search_term_string}"},"query-input":{"@type":"PropertyValueSpecification","valueRequired":true,"valueName":"search_term_string"}}],"inLanguage":"en-US"},{"@type":"Organization","@id":"https:\/\/cascinalanzarotti.it\/#organization","name":"Cascina Lanzarotti","url":"https:\/\/cascinalanzarotti.it\/","logo":{"@type":"ImageObject","inLanguage":"en-US","@id":"https:\/\/cascinalanzarotti.it\/#\/schema\/logo\/image\/","url":"https:\/\/cascinalanzarotti.it\/wp-content\/uploads\/2023\/12\/logo-1-A-scaled.jpg","contentUrl":"https:\/\/cascinalanzarotti.it\/wp-content\/uploads\/2023\/12\/logo-1-A-scaled.jpg","width":2560,"height":888,"caption":"Cascina Lanzarotti"},"image":{"@id":"https:\/\/cascinalanzarotti.it\/#\/schema\/logo\/image\/"},"sameAs":["https:\/\/www.facebook.com\/cascinalanzarotti1883\/","https:\/\/www.instagram.com\/cascina_lanzarotti\/"]}]}},"_links":{"self":[{"href":"https:\/\/cascinalanzarotti.it\/en\/wp-json\/wp\/v2\/pages\/501","targetHints":{"allow":["GET"]}}],"collection":[{"href":"https:\/\/cascinalanzarotti.it\/en\/wp-json\/wp\/v2\/pages"}],"about":[{"href":"https:\/\/cascinalanzarotti.it\/en\/wp-json\/wp\/v2\/types\/page"}],"author":[{"embeddable":true,"href":"https:\/\/cascinalanzarotti.it\/en\/wp-json\/wp\/v2\/users\/1"}],"replies":[{"embeddable":true,"href":"https:\/\/cascinalanzarotti.it\/en\/wp-json\/wp\/v2\/comments?post=501"}],"version-history":[{"count":19,"href":"https:\/\/cascinalanzarotti.it\/en\/wp-json\/wp\/v2\/pages\/501\/revisions"}],"predecessor-version":[{"id":2144,"href":"https:\/\/cascinalanzarotti.it\/en\/wp-json\/wp\/v2\/pages\/501\/revisions\/2144"}],"wp:attachment":[{"href":"https:\/\/cascinalanzarotti.it\/en\/wp-json\/wp\/v2\/media?parent=501"}],"curies":[{"name":"wp","href":"https:\/\/api.w.org\/{rel}","templated":true}]}}